{"id":18,"date":"2018-05-14T16:07:42","date_gmt":"2018-05-14T16:07:42","guid":{"rendered":"http:\/\/electric21.es\/?page_id=18"},"modified":"2020-04-15T19:11:32","modified_gmt":"2020-04-15T19:11:32","slug":"reduzca-ya-su-factura","status":"publish","type":"page","link":"https:\/\/electric21.es\/index.php\/reduzca-ya-su-factura\/","title":{"rendered":"reduzca ya su factura"},"content":{"rendered":"<p>[et_pb_section fb_built=\u00bb1&#8243; fullwidth=\u00bbon\u00bb disabled_on=\u00bbon|off|off\u00bb _builder_version=\u00bb3.2.2&#8243;][et_pb_fullwidth_header disabled_on=\u00bbon|off|off\u00bb _builder_version=\u00bb3.7.1&#8243;][\/et_pb_fullwidth_header][et_pb_fullwidth_header title=\u00bbREDUZCA SU FACTURA\u00bb text_orientation=\u00bbcenter\u00bb disabled_on=\u00bboff|on|on\u00bb _builder_version=\u00bb3.7.1&#8243;][\/et_pb_fullwidth_header][\/et_pb_section][et_pb_section fb_built=\u00bb1&#8243; _builder_version=\u00bb3.0.47&#8243;][et_pb_row custom_padding=\u00bb91px|0px|27px|0px|false|false\u00bb _builder_version=\u00bb3.0.48&#8243; background_size=\u00bbinitial\u00bb background_position=\u00bbtop_left\u00bb background_repeat=\u00bbrepeat\u00bb][et_pb_column type=\u00bb2_3&#8243; _builder_version=\u00bb3.0.47&#8243; parallax=\u00bboff\u00bb parallax_method=\u00bbon\u00bb][et_pb_text _builder_version=\u00bb3.7.1&#8243;]<\/p>\n<p>En el mercado libre de electricidad, al no existir precios de referencia, cada compa\u00f1\u00eda ofrece unos <strong>descuentos<\/strong> sobre su tarifa el\u00e9ctrica.<\/p>\n<p>Electric21 le ofrece, de forma gratuita y sin ning\u00fan compromiso, un <strong>estudio detallado<\/strong> de su factura el\u00e9ctrica, en el que analizamos el <strong>AHORRO REAL<\/strong> (no sobre descuento te\u00f3rico) que le supone la mejor opci\u00f3n para su contrato.<\/p>\n<p>Env\u00edenos por e-mail o por fax su factura el\u00e9ctrica y le contestamos en 48 horas con el AHORRO REAL que puede conseguir en su factura de electricidad.<\/p>\n<p>Nuestros clientes ya se han beneficiado de importantes ahorros de su consumo el\u00e9ctrico (generalmente entre un 10 y un 20%), sin sufrir ninguna incidencia en su suministro, \u00fanicamente el<strong> cambio de factura<\/strong>.<\/p>\n<p><img loading=\"lazy\" decoding=\"async\" src=\"https:\/\/electric21.es\/wp-content\/uploads\/2018\/05\/logoFIN.png\" width=\"120\" height=\"158\" alt=\"\" class=\"wp-image-107 alignnone size-full\" style=\"float: right;\" \/><\/p>\n<p>[\/et_pb_text][\/et_pb_column][et_pb_column type=\u00bb1_3&#8243; _builder_version=\u00bb3.0.47&#8243; parallax=\u00bboff\u00bb parallax_method=\u00bbon\u00bb][et_pb_text _builder_version=\u00bb3.2.2&#8243;]<\/p>\n<h3 style=\"text-align: center;\"><span style=\"color: #808080;\"><strong>\u00a1Reduzca su factura el\u00e9ctrica YA!<\/strong><\/span><\/h3>\n<p style=\"text-align: center;\"><strong><a href=\"mailto:info@electric21.es?subject=Referencia:%20Electric21.Reduzca%20en%20su%20factura%20el%C3%A9ctrica\">info@electric21.es<\/a><\/strong><br \/>\nFax: 914 25 05 77<\/p>\n<p>[\/et_pb_text][et_pb_image src=\u00bbhttp:\/\/electric21.es\/wp-content\/uploads\/2018\/05\/electricmundoaz.jpg\u00bb force_fullwidth=\u00bbon\u00bb _builder_version=\u00bb3.7.1&#8243;][\/et_pb_image][\/et_pb_column][\/et_pb_row][\/et_pb_section]<\/p>\n","protected":false},"excerpt":{"rendered":"<p>En el mercado libre de electricidad, al no existir precios de referencia, cada compa\u00f1\u00eda ofrece unos descuentos sobre su tarifa el\u00e9ctrica. Electric21 le ofrece, de forma gratuita y sin ning\u00fan compromiso, un estudio detallado de su factura el\u00e9ctrica, en el que analizamos el AHORRO REAL (no sobre descuento te\u00f3rico) que le supone la mejor opci\u00f3n [&hellip;]<\/p>\n","protected":false},"author":1,"featured_media":0,"parent":0,"menu_order":0,"comment_status":"closed","ping_status":"closed","template":"","meta":{"_et_pb_use_builder":"on","_et_pb_old_content":"","_et_gb_content_width":"","footnotes":""},"class_list":["post-18","page","type-page","status-publish","hentry"],"_links":{"self":[{"href":"https:\/\/electric21.es\/index.php\/wp-json\/wp\/v2\/pages\/18","targetHints":{"allow":["GET"]}}],"collection":[{"href":"https:\/\/electric21.es\/index.php\/wp-json\/wp\/v2\/pages"}],"about":[{"href":"https:\/\/electric21.es\/index.php\/wp-json\/wp\/v2\/types\/page"}],"author":[{"embeddable":true,"href":"https:\/\/electric21.es\/index.php\/wp-json\/wp\/v2\/users\/1"}],"replies":[{"embeddable":true,"href":"https:\/\/electric21.es\/index.php\/wp-json\/wp\/v2\/comments?post=18"}],"version-history":[{"count":19,"href":"https:\/\/electric21.es\/index.php\/wp-json\/wp\/v2\/pages\/18\/revisions"}],"predecessor-version":[{"id":309,"href":"https:\/\/electric21.es\/index.php\/wp-json\/wp\/v2\/pages\/18\/revisions\/309"}],"wp:attachment":[{"href":"https:\/\/electric21.es\/index.php\/wp-json\/wp\/v2\/media?parent=18"}],"curies":[{"name":"wp","href":"https:\/\/api.w.org\/{rel}","templated":true}]}}