{"id":12,"date":"2018-05-14T16:06:52","date_gmt":"2018-05-14T16:06:52","guid":{"rendered":"http:\/\/electric21.es\/?page_id=12"},"modified":"2020-04-15T19:03:52","modified_gmt":"2020-04-15T19:03:52","slug":"servicios","status":"publish","type":"page","link":"https:\/\/electric21.es\/index.php\/servicios\/","title":{"rendered":"servicios"},"content":{"rendered":"<p>[et_pb_section fb_built=\u00bb1&#8243; fullwidth=\u00bbon\u00bb disabled_on=\u00bboff|off|off\u00bb _builder_version=\u00bb3.2.2&#8243;][et_pb_fullwidth_header disabled_on=\u00bbon||\u00bb _builder_version=\u00bb3.2.2&#8243;][\/et_pb_fullwidth_header][et_pb_fullwidth_header title=\u00bbSERVICIOS\u00bb text_orientation=\u00bbcenter\u00bb disabled_on=\u00bb|on|on\u00bb _builder_version=\u00bb3.7.1&#8243;][\/et_pb_fullwidth_header][\/et_pb_section][et_pb_section fb_built=\u00bb1&#8243; _builder_version=\u00bb3.0.47&#8243;][et_pb_row custom_padding=\u00bb86px|0px|81px|0px|false|false\u00bb _builder_version=\u00bb3.0.48&#8243; background_size=\u00bbinitial\u00bb background_position=\u00bbtop_left\u00bb background_repeat=\u00bbrepeat\u00bb][et_pb_column type=\u00bb1_2&#8243; _builder_version=\u00bb3.0.47&#8243; parallax=\u00bboff\u00bb parallax_method=\u00bbon\u00bb][et_pb_text _builder_version=\u00bb3.2.2&#8243;]<\/p>\n<p>Por la experiencia acumulada en la comercializaci\u00f3n de productos y servicios nuestra vocaci\u00f3n de\u00a0<strong>asesorar<\/strong>\u00a0y encontrar las mejores soluciones para nuestros clientes constituyen los principales pilares de nuestra filosof\u00eda de trabajo.<br \/> Contar con\u00a0<strong>los mejores profesionales<\/strong>\u00a0es tambi\u00e9n una de nuestras principales premisas.<br \/> Y como no nuestra principal satisfacci\u00f3n poder contar con el apoyo constante de nuestros clientes gracias a la\u00a0<strong>confianza <\/strong>que depositan cada d\u00eda en nuestra labor.<\/p>\n<p><img loading=\"lazy\" decoding=\"async\" class=\"wp-image-56 size-medium aligncenter\" src=\"http:\/\/electric21.es\/wp-content\/uploads\/2018\/05\/profesionaleselectric21-300x193.jpg\" alt=\"\" width=\"312\" height=\"201\" srcset=\"https:\/\/electric21.es\/wp-content\/uploads\/2018\/05\/profesionaleselectric21-300x193.jpg 300w, https:\/\/electric21.es\/wp-content\/uploads\/2018\/05\/profesionaleselectric21.jpg 595w\" sizes=\"(max-width: 312px) 100vw, 312px\" \/><\/p>\n<p>[\/et_pb_text][\/et_pb_column][et_pb_column type=\u00bb1_2&#8243; _builder_version=\u00bb3.0.47&#8243; parallax=\u00bboff\u00bb parallax_method=\u00bbon\u00bb][et_pb_text _builder_version=\u00bb3.7.1&#8243;]<\/p>\n<h3><strong>Adem\u00e1s&#8230;<\/strong><\/h3>\n<p><img loading=\"lazy\" decoding=\"async\" class=\"wp-image-58 size-thumbnail alignright\" src=\"http:\/\/electric21.es\/wp-content\/uploads\/2018\/05\/facturaelectric21a-150x150.jpg\" alt=\"\" width=\"150\" height=\"150\" \/><\/p>\n<p>Adem\u00e1s del servicio del <strong>estudio detallado<\/strong> de su factura el\u00e9ctrica y <strong>recomendaci\u00f3n<\/strong> sobre la tarifa m\u00e1s adecuada, ofrecemos los servicios de <strong>auditoria<\/strong> energ\u00e9tica:<\/p>\n<ol>\n<li>Evaluando los par\u00e1metros de funcionamiento de la instalaci\u00f3n el\u00e9ctrica.<\/li>\n<li>Asesorando sobre la conveniencia de mejoras en dicha instalaci\u00f3n.<\/li>\n<li>Instalaci\u00f3n de equipos que reduzcan la energ\u00eda reactiva, equipos de eficiencia energ\u00e9tica.<\/li>\n<li>Equipos de mejora de rendimiento y calidad de la instalaci\u00f3n.<\/li>\n<li>Instalando software de monitorizaci\u00f3n y control online v\u00eda web de consumos por grupos el\u00e9ctricos.<\/li>\n<\/ol>\n<p>[\/et_pb_text][\/et_pb_column][\/et_pb_row][\/et_pb_section]<\/p>\n","protected":false},"excerpt":{"rendered":"<p>Por la experiencia acumulada en la comercializaci\u00f3n de productos y servicios nuestra vocaci\u00f3n de\u00a0asesorar\u00a0y encontrar las mejores soluciones para nuestros clientes constituyen los principales pilares de nuestra filosof\u00eda de trabajo. Contar con\u00a0los mejores profesionales\u00a0es tambi\u00e9n una de nuestras principales premisas. Y como no nuestra principal satisfacci\u00f3n poder contar con el apoyo constante de nuestros clientes [&hellip;]<\/p>\n","protected":false},"author":1,"featured_media":0,"parent":0,"menu_order":0,"comment_status":"closed","ping_status":"closed","template":"","meta":{"_et_pb_use_builder":"on","_et_pb_old_content":"","_et_gb_content_width":"","footnotes":""},"class_list":["post-12","page","type-page","status-publish","hentry"],"_links":{"self":[{"href":"https:\/\/electric21.es\/index.php\/wp-json\/wp\/v2\/pages\/12","targetHints":{"allow":["GET"]}}],"collection":[{"href":"https:\/\/electric21.es\/index.php\/wp-json\/wp\/v2\/pages"}],"about":[{"href":"https:\/\/electric21.es\/index.php\/wp-json\/wp\/v2\/types\/page"}],"author":[{"embeddable":true,"href":"https:\/\/electric21.es\/index.php\/wp-json\/wp\/v2\/users\/1"}],"replies":[{"embeddable":true,"href":"https:\/\/electric21.es\/index.php\/wp-json\/wp\/v2\/comments?post=12"}],"version-history":[{"count":32,"href":"https:\/\/electric21.es\/index.php\/wp-json\/wp\/v2\/pages\/12\/revisions"}],"predecessor-version":[{"id":304,"href":"https:\/\/electric21.es\/index.php\/wp-json\/wp\/v2\/pages\/12\/revisions\/304"}],"wp:attachment":[{"href":"https:\/\/electric21.es\/index.php\/wp-json\/wp\/v2\/media?parent=12"}],"curies":[{"name":"wp","href":"https:\/\/api.w.org\/{rel}","templated":true}]}}